{"id":1071,"date":"2015-12-14T07:14:55","date_gmt":"2015-12-14T07:14:55","guid":{"rendered":"http:\/\/consulting.stylemixthemes.com\/demo\/?page_id=2"},"modified":"2025-11-27T11:18:07","modified_gmt":"2025-11-27T18:18:07","slug":"home","status":"publish","type":"page","link":"https:\/\/viccontaduria.com\/","title":{"rendered":"Home"},"content":{"rendered":"<div class=\"wpb-content-wrapper\"><p>[vc_row][vc_column][rev_slider_vc alias=&#8221;Home&#8221;][\/vc_column][\/vc_row][vc_row full_width=&#8221;stretch_row&#8221; css=&#8221;.vc_custom_1697156014034{background-color: #134d63 !important;}&#8221;][vc_column][stm_spacing lg_spacing=&#8221;20&#8243; md_spacing=&#8221;20&#8243; sm_spacing=&#8221;30&#8243; xs_spacing=&#8221;30&#8243;][vc_row_inner][vc_column_inner][vc_cta h2=&#8221;\u00bfNecesitas ayuda para administrar y verificar el cumplimiento de las tus obligaciones fiscales?&#8221; shape=&#8221;square&#8221; style=&#8221;flat&#8221; add_button=&#8221;right&#8221; btn_title=&#8221;Recibir atenci\u00f3n inmediata&#8221; btn_style=&#8221;outline&#8221; btn_color=&#8221;white&#8221; btn_size=&#8221;lg&#8221; btn_align=&#8221;right&#8221; btn_css_animation=&#8221;bottom-to-top&#8221; btn_link=&#8221;url:https%3A%2F%2Fweb.whatsapp.com%2Fsend%3Fphone%3D526623694848%26text%3DHola%2C%2520deseo%2520m%25C3%25A1s%2520informaci%25C3%25B3n%2C%2520me%2520comunico%2520de%2520https%3A%2F%2Fviccontaduria.com|target:_blank&#8221;][\/vc_cta][\/vc_column_inner][\/vc_row_inner][stm_spacing lg_spacing=&#8221;20&#8243; md_spacing=&#8221;20&#8243; sm_spacing=&#8221;40&#8243; xs_spacing=&#8221;40&#8243;][\/vc_column][\/vc_row][vc_row full_width=&#8221;stretch_row&#8221; css=&#8221;.vc_custom_1697659526321{background: #ffffff url(https:\/\/viccontaduria.com\/wp-content\/uploads\/2023\/10\/photo-oboe-texture-background-wallpaper-3d-scaled.jpg?id=7063) !important;background-position: center !important;background-repeat: no-repeat !important;background-size: cover !important;}&#8221; el_id=&#8221;servicios&#8221;][vc_column][stm_spacing lg_spacing=&#8221;100&#8243; md_spacing=&#8221;100&#8243; sm_spacing=&#8221;65&#8243; xs_spacing=&#8221;65&#8243;][vc_custom_heading text=&#8221;Conoce alguno de nuestros servicios&#8221; font_container=&#8221;tag:h2|text_align:center&#8221; use_theme_fonts=&#8221;yes&#8221;][stm_spacing lg_spacing=&#8221;30&#8243; md_spacing=&#8221;30&#8243; sm_spacing=&#8221;18&#8243; xs_spacing=&#8221;12&#8243;][vc_row_inner][vc_column_inner width=&#8221;1\/3&#8243;][vc_single_image image=&#8221;7081&#8243; img_size=&#8221;medium&#8221; alignment=&#8221;center&#8221; style=&#8221;vc_box_shadow&#8221;][stm_spacing lg_spacing=&#8221;10&#8243; md_spacing=&#8221;10&#8243; sm_spacing=&#8221;18&#8243; xs_spacing=&#8221;12&#8243;][vc_column_text]<\/p>\n<p class=\"p1\" style=\"text-align: center;\"><em><strong>Implantar el sistema contable m\u00e1s conveniente a tus necesidades.<\/strong><\/em><\/p>\n<p>[\/vc_column_text][\/vc_column_inner][vc_column_inner width=&#8221;1\/3&#8243;][vc_single_image image=&#8221;7083&#8243; img_size=&#8221;medium&#8221; alignment=&#8221;center&#8221; style=&#8221;vc_box_shadow&#8221;][stm_spacing lg_spacing=&#8221;10&#8243; md_spacing=&#8221;10&#8243; sm_spacing=&#8221;18&#8243; xs_spacing=&#8221;12&#8243;][vc_column_text]<\/p>\n<p class=\"p1\" style=\"text-align: center;\"><em><strong>Elaborar, analizar e interpretar los estados financieros.<\/strong><\/em><\/p>\n<p>[\/vc_column_text][\/vc_column_inner][vc_column_inner width=&#8221;1\/3&#8243;][vc_single_image image=&#8221;7026&#8243; img_size=&#8221;medium&#8221; alignment=&#8221;center&#8221; style=&#8221;vc_box_shadow&#8221;][stm_spacing lg_spacing=&#8221;10&#8243; md_spacing=&#8221;10&#8243; sm_spacing=&#8221;18&#8243; xs_spacing=&#8221;12&#8243;][vc_column_text]<\/p>\n<p class=\"p1\" style=\"text-align: center;\"><em><strong>Verificar el cumplimiento de tus obligaciones fiscales.<\/strong><\/em><\/p>\n<p>[\/vc_column_text][\/vc_column_inner][\/vc_row_inner][stm_spacing lg_spacing=&#8221;30&#8243; md_spacing=&#8221;30&#8243; sm_spacing=&#8221;18&#8243; xs_spacing=&#8221;12&#8243;][vc_row_inner][vc_column_inner width=&#8221;1\/3&#8243;][vc_single_image image=&#8221;7065&#8243; img_size=&#8221;medium&#8221; alignment=&#8221;center&#8221; style=&#8221;vc_box_shadow&#8221;][stm_spacing lg_spacing=&#8221;10&#8243; md_spacing=&#8221;10&#8243; sm_spacing=&#8221;18&#8243; xs_spacing=&#8221;12&#8243;][vc_column_text]<\/p>\n<p class=\"p1\" style=\"text-align: center;\"><em><strong>Establecer el procedimiento \u00f3ptimo de registro de operaciones.<\/strong><\/em><\/p>\n<p>[\/vc_column_text][\/vc_column_inner][vc_column_inner width=&#8221;1\/3&#8243;][vc_single_image image=&#8221;7066&#8243; img_size=&#8221;medium&#8221; alignment=&#8221;center&#8221; style=&#8221;vc_box_shadow&#8221;][stm_spacing lg_spacing=&#8221;10&#8243; md_spacing=&#8221;10&#8243; sm_spacing=&#8221;18&#8243; xs_spacing=&#8221;12&#8243;][vc_column_text]<\/p>\n<p class=\"p1\" style=\"text-align: center;\"><em><strong>Asistencia en contabilidad para Personas f\u00edsicas, y PyMEs<\/strong><\/em><\/p>\n<p>[\/vc_column_text][\/vc_column_inner][vc_column_inner width=&#8221;1\/3&#8243;][vc_single_image image=&#8221;7068&#8243; img_size=&#8221;medium&#8221; alignment=&#8221;center&#8221; style=&#8221;vc_box_shadow&#8221;][stm_spacing lg_spacing=&#8221;10&#8243; md_spacing=&#8221;10&#8243; sm_spacing=&#8221;18&#8243; xs_spacing=&#8221;12&#8243;][vc_column_text]<\/p>\n<p class=\"p1\" style=\"text-align: center;\"><em><strong>Declaraciones, Administraci\u00f3n contable, DIOT, C\u00e1lculo de impuestos, Costos para PyMEs.<\/strong><\/em><\/p>\n<p>[\/vc_column_text][\/vc_column_inner][\/vc_row_inner][stm_spacing lg_spacing=&#8221;69&#8243; md_spacing=&#8221;69&#8243; sm_spacing=&#8221;60&#8243; xs_spacing=&#8221;60&#8243;][\/vc_column][\/vc_row][vc_row full_width=&#8221;stretch_row&#8221; el_id=&#8221;nosotros&#8221;][vc_column][stm_spacing lg_spacing=&#8221;80&#8243; md_spacing=&#8221;80&#8243; sm_spacing=&#8221;65&#8243; xs_spacing=&#8221;65&#8243;][vc_custom_heading text=&#8221;Contabilidad a tu servicio&#8221; font_container=&#8221;tag:h2|text_align:center&#8221; use_theme_fonts=&#8221;yes&#8221;][vc_column_text el_class=&#8221;justifyTxt&#8221;]Nuestro CEO es egresado de la Universidad de Sonora en junio de 2013 como Licenciado en Contadur\u00eda P\u00fablica y como Maestro en Impuesto por parte de la Universidad de Sonora en 2019. Actualmente, ejerce su profesi\u00f3n como contador p\u00fablico en la localidad de Hermosillo, Sonora, M\u00e9xico. Desde 2015, ha trabajado como docente en diversas instituciones educativas, incluyendo la Universidad del Desarrollo Profesional, la Universidad Kino, la Preparatoria Larrea y actualmente en la Universidad del Vizcaya de las Am\u00e9ricas y la Universidad de Sonora. Imparte materias que van desde contabilidad b\u00e1sica hasta especialidades como contabilidad de impuestos, contabilidad de costos y contabilidad financiera.<\/p>\n<p>Particip\u00f3 en la ponencia &#8220;Carga administrativa fiscal en la toma de decisiones para la persona f\u00edsica en Hermosillo&#8221; en Convisi\u00f3n 2018 UNISON. Adem\u00e1s, ha tomado parte en cursos de actualizaci\u00f3n, como el &#8220;Curso de actualizaci\u00f3n did\u00e1ctica para la materia fundamentos de contabilidad y contabilidad I.&#8221;<\/p>\n<p>Fue instructor en el taller &#8220;An\u00e1lisis de costos para emprendedores&#8221; del programa Transformando ideas de la Incubadora de Empresas UES y actu\u00f3 como expositor en la Business Room con el tema &#8220;La importancia de los costos al emprender un negocio&#8221; de la UES.<\/p>\n<p>Cuenta con certificaciones de preparaci\u00f3n acad\u00e9mica, que incluyen &#8220;Curso de producci\u00f3n de material digital,&#8221; &#8220;Estrategias did\u00e1cticas para la educaci\u00f3n superior,&#8221; y &#8220;Responsabilidad social universitaria,&#8221; entre otros.<\/p>\n<p>Nuestro objetivo es poner a disposici\u00f3n un equipo de profesionales actualizados en la materia, que busquen establecer estrategias a medida de cada negocio, para que nuestros clientes logren una contabilidad correcta y s\u00f3lida.[\/vc_column_text][stm_spacing lg_spacing=&#8221;80&#8243; md_spacing=&#8221;80&#8243; sm_spacing=&#8221;65&#8243; xs_spacing=&#8221;65&#8243;][\/vc_column][\/vc_row][vc_row full_width=&#8221;stretch_row&#8221; css=&#8221;.vc_custom_1697659376186{background-color: #134d63 !important;}&#8221; el_id=&#8221;importancia&#8221;][vc_column][stm_spacing lg_spacing=&#8221;80&#8243; md_spacing=&#8221;80&#8243; sm_spacing=&#8221;65&#8243; xs_spacing=&#8221;65&#8243;][vc_custom_heading text=&#8221;Importancia de la contabilidad en tu negocio&#8221; font_container=&#8221;tag:h2|text_align:center|color:%23ffffff&#8221; use_theme_fonts=&#8221;yes&#8221;][vc_column_text]<\/p>\n<p class=\"p1\" style=\"color: white !important;\">La contabilidad es una disciplina fundamental en el \u00e1mbito econ\u00f3mico-administrativo, ya que,\u00a0facilita la toma de decisiones sobre la direcci\u00f3n de una empresa, negocio o proyecto, as\u00ed tambi\u00e9n permite\u00a0conocer en detalle el estado financiero de la misma.<\/p>\n<p class=\"p1\" style=\"color: white !important;\">Debes conocer que las principales \u00e1reas econ\u00f3mico-administrativas en las que la contabilidad act\u00faa\u00a0son: fianzas, impuestos, planeaci\u00f3n y control. Nosotros te apoyamos en cada una de estas \u00e1reas a\u00a0trav\u00e9s de nuestros servicios.<\/p>\n<p>[\/vc_column_text][stm_spacing lg_spacing=&#8221;80&#8243; md_spacing=&#8221;80&#8243; sm_spacing=&#8221;65&#8243; xs_spacing=&#8221;65&#8243;][\/vc_column][\/vc_row][vc_row full_width=&#8221;stretch_row&#8221; content_placement=&#8221;middle&#8221; css_animation=&#8221;bounceIn&#8221; css=&#8221;.vc_custom_1697659517618{margin-bottom: -1px !important;background-image: url(https:\/\/viccontaduria.com\/wp-content\/uploads\/2023\/10\/happy-handsome-man-smiling-while-having-conversation-smartphone-with-his-friend-wearing-trendy-coat-eyeglasses-misty-park-people-communication-travel-technology-concept-scaled.jpg?id=7071) !important;background-position: center !important;background-repeat: no-repeat !important;background-size: cover !important;}&#8221; el_id=&#8221;contacto&#8221;][vc_column][stm_spacing lg_spacing=&#8221;80&#8243; md_spacing=&#8221;80&#8243; sm_spacing=&#8221;65&#8243; xs_spacing=&#8221;65&#8243;][stm_spacing lg_spacing=&#8221;80&#8243; md_spacing=&#8221;80&#8243; sm_spacing=&#8221;65&#8243; xs_spacing=&#8221;65&#8243;][vc_row_inner][vc_column_inner width=&#8221;1\/3&#8243; css=&#8221;.vc_custom_1697609838684{padding-top: 30px !important;padding-right: 30px !important;padding-bottom: 30px !important;padding-left: 30px !important;background-color: rgba(255,255,255,0.9) !important;*background-color: rgb(255,255,255) !important;border-radius: 3px !important;}&#8221;][vc_custom_heading stripe_pos=&#8221;hide&#8221; text=&#8221;<mark>SOLICITA ATENCI\u00d3N PERSONALIZADA<\/mark>&#8221; font_container=&#8221;tag:h3|font_size:30px|text_align:left|color:%23ffffff&#8221; use_theme_fonts=&#8221;yes&#8221; css=&#8221;.vc_custom_1697608108476{margin-bottom: -6px !important;}&#8221;]<style id=\"wpforms-css-vars-7075\">\n\t\t\t\t#wpforms-7075 {\n\t\t\t\t--wpforms-container-padding: 0px;\n--wpforms-container-border-width: 1px;\n--wpforms-container-border-radius: 3px;\n--wpforms-background-color: rgba(0, 0, 0, 0);\n--wpforms-field-size-input-height: 43px;\n--wpforms-field-size-input-spacing: 15px;\n--wpforms-field-size-font-size: 16px;\n--wpforms-field-size-line-height: 19px;\n--wpforms-field-size-padding-h: 14px;\n--wpforms-field-size-checkbox-size: 16px;\n--wpforms-field-size-sublabel-spacing: 5px;\n--wpforms-field-size-icon-size: 1;\n--wpforms-label-size-font-size: 16px;\n--wpforms-label-size-line-height: 19px;\n--wpforms-label-size-sublabel-font-size: 14px;\n--wpforms-label-size-sublabel-line-height: 17px;\n--wpforms-button-size-font-size: 17px;\n--wpforms-button-size-height: 41px;\n--wpforms-button-size-padding-h: 15px;\n--wpforms-button-size-margin-top: 10px;\n--wpforms-container-shadow-size-box-shadow: none;\n\t\t\t}\n\t\t\t<\/style><div class=\"wpforms-container wpforms-container-full wpforms-render-modern\" id=\"wpforms-7075\"><form id=\"wpforms-form-7075\" class=\"wpforms-validate wpforms-form wpforms-ajax-form\" data-formid=\"7075\" method=\"post\" enctype=\"multipart\/form-data\" action=\"\/index.php\/wp-json\/wp\/v2\/pages\/1071\" data-token=\"7600dbda18ba520274e7dd5422080c32\" data-token-time=\"1776399291\"><noscript class=\"wpforms-error-noscript\">Please enable JavaScript in your browser to complete this form.<\/noscript><div id=\"wpforms-error-noscript\" style=\"display: none;\">Please enable JavaScript in your browser to complete this form.<\/div><div class=\"wpforms-field-container\"><div id=\"wpforms-7075-field_0-container\" class=\"wpforms-field wpforms-field-name\" data-field-id=\"0\"><label class=\"wpforms-field-label\" for=\"wpforms-7075-field_0\">Nombre <span class=\"wpforms-required-label\" aria-hidden=\"true\">*<\/span><\/label><input type=\"text\" id=\"wpforms-7075-field_0\" class=\"wpforms-field-medium wpforms-field-required\" name=\"wpforms[fields][0]\" aria-errormessage=\"wpforms-7075-field_0-error\" required><\/div><div id=\"wpforms-7075-field_1-container\" class=\"wpforms-field wpforms-field-email\" data-field-id=\"1\"><label class=\"wpforms-field-label\" for=\"wpforms-7075-field_1\">Email <span class=\"wpforms-required-label\" aria-hidden=\"true\">*<\/span><\/label><input type=\"email\" id=\"wpforms-7075-field_1\" class=\"wpforms-field-medium wpforms-field-required\" name=\"wpforms[fields][1]\" spellcheck=\"false\" aria-errormessage=\"wpforms-7075-field_1-error\" required><\/div><div id=\"wpforms-7075-field_3-container\" class=\"wpforms-field wpforms-field-text\" data-field-id=\"3\"><label class=\"wpforms-field-label\" for=\"wpforms-7075-field_3\">Tel\u00e9fono<\/label><input type=\"text\" id=\"wpforms-7075-field_3\" class=\"wpforms-field-medium wpforms-masked-input wpforms-limit-characters-enabled\" data-rule-inputmask-incomplete=\"1\" data-inputmask-mask=\"999999999\" data-form-id=\"7075\" data-field-id=\"3\" data-text-limit=\"10\" name=\"wpforms[fields][3]\" aria-errormessage=\"wpforms-7075-field_3-error\" maxlength=\"10\" ><\/div><\/div><!-- .wpforms-field-container --><div class=\"wpforms-recaptcha-container wpforms-is-recaptcha wpforms-is-recaptcha-type-v2\" ><div class=\"g-recaptcha\" data-sitekey=\"6LchGMsrAAAAAGzs08DaAof4XaR9OxqZkbhx2FnL\"><\/div><input type=\"text\" name=\"g-recaptcha-hidden\" class=\"wpforms-recaptcha-hidden\" style=\"position:absolute!important;clip:rect(0,0,0,0)!important;height:1px!important;width:1px!important;border:0!important;overflow:hidden!important;padding:0!important;margin:0!important;\" data-rule-recaptcha=\"1\"><\/div><div class=\"wpforms-submit-container\" ><input type=\"hidden\" name=\"wpforms[id]\" value=\"7075\"><input type=\"hidden\" name=\"page_title\" value=\"\"><input type=\"hidden\" name=\"page_url\" value=\"https:\/\/viccontaduria.com\/index.php\/wp-json\/wp\/v2\/pages\/1071\"><input type=\"hidden\" name=\"url_referer\" value=\"\"><button type=\"submit\" name=\"wpforms[submit]\" id=\"wpforms-submit-7075\" class=\"wpforms-submit\" data-alt-text=\"Sending...\" data-submit-text=\"Solicitar\" aria-live=\"assertive\" value=\"wpforms-submit\">Solicitar<\/button><img loading=\"lazy\" decoding=\"async\" src=\"https:\/\/viccontaduria.com\/wp-content\/plugins\/wpforms-lite\/assets\/images\/submit-spin.svg\" class=\"wpforms-submit-spinner\" style=\"display: none;\" width=\"26\" height=\"26\" alt=\"Loading\"><\/div><\/form><\/div>  <!-- .wpforms-container -->[\/vc_column_inner][vc_column_inner width=&#8221;1\/2&#8243;][\/vc_column_inner][\/vc_row_inner][stm_spacing lg_spacing=&#8221;80&#8243; md_spacing=&#8221;80&#8243; sm_spacing=&#8221;70&#8243; xs_spacing=&#8221;70&#8243;][stm_spacing lg_spacing=&#8221;80&#8243; md_spacing=&#8221;80&#8243; sm_spacing=&#8221;70&#8243; xs_spacing=&#8221;70&#8243;][\/vc_column][\/vc_row]<\/p>\n<\/div>","protected":false},"excerpt":{"rendered":"<p>[vc_row][vc_column][rev_slider_vc alias=&#8221;Home&#8221;][\/vc_column][\/vc_row][vc_row full_width=&#8221;stretch_row&#8221; css=&#8221;.vc_custom_1697156014034{background-color: #134d63 !important;}&#8221;][vc_column][stm_spacing lg_spacing=&#8221;20&#8243; md_spacing=&#8221;20&#8243; sm_spacing=&#8221;30&#8243; xs_spacing=&#8221;30&#8243;][vc_row_inner][vc_column_inner][vc_cta h2=&#8221;\u00bfNecesitas ayuda para administrar y verificar el cumplimiento de las tus obligaciones fiscales?&#8221; shape=&#8221;square&#8221; style=&#8221;flat&#8221; add_button=&#8221;right&#8221; btn_title=&#8221;Recibir atenci\u00f3n inmediata&#8221; btn_style=&#8221;outline&#8221; btn_color=&#8221;white&#8221; btn_size=&#8221;lg&#8221; btn_align=&#8221;right&#8221; btn_css_animation=&#8221;bottom-to-top&#8221; btn_link=&#8221;url:https%3A%2F%2Fweb.whatsapp.com%2Fsend%3Fphone%3D526623694848%26text%3DHola%2C%2520deseo%2520m%25C3%25A1s%2520informaci%25C3%25B3n%2C%2520me%2520comunico%2520de%2520https%3A%2F%2Fviccontaduria.com|target:_blank&#8221;][\/vc_cta][\/vc_column_inner][\/vc_row_inner][stm_spacing lg_spacing=&#8221;20&#8243; md_spacing=&#8221;20&#8243; sm_spacing=&#8221;40&#8243; xs_spacing=&#8221;40&#8243;][\/vc_column][\/vc_row][vc_row full_width=&#8221;stretch_row&#8221; css=&#8221;.vc_custom_1697659526321{background: #ffffff url(https:\/\/viccontaduria.com\/wp-content\/uploads\/2023\/10\/photo-oboe-texture-background-wallpaper-3d-scaled.jpg?id=7063) !important;background-position: center !important;background-repeat: no-repeat !important;background-size: cover !important;}&#8221; el_id=&#8221;servicios&#8221;][vc_column][stm_spacing lg_spacing=&#8221;100&#8243; md_spacing=&#8221;100&#8243; sm_spacing=&#8221;65&#8243; xs_spacing=&#8221;65&#8243;][vc_custom_heading<\/p>\n","protected":false},"author":1,"featured_media":0,"parent":0,"menu_order":0,"comment_status":"closed","ping_status":"closed","template":"","meta":{"footnotes":""},"class_list":["post-1071","page","type-page","status-publish","hentry"],"_links":{"self":[{"href":"https:\/\/viccontaduria.com\/index.php\/wp-json\/wp\/v2\/pages\/1071","targetHints":{"allow":["GET"]}}],"collection":[{"href":"https:\/\/viccontaduria.com\/index.php\/wp-json\/wp\/v2\/pages"}],"about":[{"href":"https:\/\/viccontaduria.com\/index.php\/wp-json\/wp\/v2\/types\/page"}],"author":[{"embeddable":true,"href":"https:\/\/viccontaduria.com\/index.php\/wp-json\/wp\/v2\/users\/1"}],"replies":[{"embeddable":true,"href":"https:\/\/viccontaduria.com\/index.php\/wp-json\/wp\/v2\/comments?post=1071"}],"version-history":[{"count":48,"href":"https:\/\/viccontaduria.com\/index.php\/wp-json\/wp\/v2\/pages\/1071\/revisions"}],"predecessor-version":[{"id":7136,"href":"https:\/\/viccontaduria.com\/index.php\/wp-json\/wp\/v2\/pages\/1071\/revisions\/7136"}],"wp:attachment":[{"href":"https:\/\/viccontaduria.com\/index.php\/wp-json\/wp\/v2\/media?parent=1071"}],"curies":[{"name":"wp","href":"https:\/\/api.w.org\/{rel}","templated":true}]}}